{"id":1182,"date":"2015-06-01T07:33:04","date_gmt":"2015-06-01T07:33:04","guid":{"rendered":"http:\/\/internetsocialforum.net\/isf\/?page_id=1182"},"modified":"2015-06-01T17:23:58","modified_gmt":"2015-06-01T17:23:58","slug":"1182-2","status":"publish","type":"page","link":"https:\/\/internetsocialforum.net\/isf\/?page_id=1182&lang=es","title":{"rendered":"Carta FSM"},"content":{"rendered":"<p class=\"p1\">El Comit\u00e9 de entidades brasile\u00f1as que concibi\u00f3 y organiz\u00f3 el primer Foro Social Mundial celebrado en Porto Alegre, 25-30 de Enero de 2001, considera necesario y leg\u00edtimo, despu\u00e9s de evaluar los resultados de este Foro y las expectativas por \u00e9l creadas, establecer una Carta de Principios para guiar esta iniciativa. Los principios contenidos en la Carta, deben ser respetados por todos que quieran participar en este proceso y organizar nuevas ediciones del Foro Social Mundial, consolidan decisiones que rigen la ejecuci\u00f3n del Foro de Porto Alegre y aseguraran su \u00e9xito y ampliam su alcance mediante el establecimiento de directrices derivadas de la l\u00f3gica de estas decisiones.<\/p>\n<ol>\n<li class=\"p1\">El Foro Social Mundial es un espacio abierto de encuentro para intensificar la reflexi\u00f3n, el debate democr\u00e1tico de ideas, elaborar propuestas, el libre intercambio de experiencias y articulaci\u00f3n de acciones eficaces por parte de grupos y movimientos de la sociedad civil que se oponen al neoliberalismo y al dominio del mundo por el capital o por cualquier forma de imperialismo, y que est\u00e1n comprometidos con la construcci\u00f3n de una sociedad planetaria orientada hacia una relaci\u00f3n fecunda entre los seres humanos y destes con la Tierra.<\/li>\n<li class=\"p1\">El Foro Social Mundial de Porto Alegre fue una realizaci\u00f3n colocada en el tiempo y el espacio. A partir de ahora, en la proclamaci\u00f3n que surgi\u00f3 en Porto Alegre que &#8220;otro mundo es posible&#8221;, el se torna un proceso permanente de busca y construcci\u00f3n de alternativas, que no se pueden reducir a los acontecimientos que lo apoyan.<\/li>\n<li class=\"p1\">El Foro Social Mundial es un proceso de car\u00e1cter global. Todas las reuniones que se llevan a cabo como parte de este proceso tendr\u00e1n una dimensi\u00f3n internacional.<\/li>\n<li class=\"p1\">Las alternativas propuestas en el Foro Social Mundial se contraponen a un proceso de globalizaci\u00f3n, comandado por las grandes corporaciones multinacionales y por los gobiernos e instituciones internacionales al servicio de sus intereses, con la complicidad de los gobiernos nacionales. Su objetivo es que prevalezca como una nueva etapa de la historia mundial, una globalizaci\u00f3n solidaria que respete los derechos humanos universales, as\u00ed como todos los ciudadanos de todas las naciones y al medio ambiente, sobre la base de los sistemas democr\u00e1ticos e instituciones internacionales al servicio de la justicia social, la igualdad y la la soberan\u00eda de los pueblos.<\/li>\n<li class=\"p1\">El Foro Social Mundial re\u00fane y articula somente a entidades y movimientos de la sociedad civil de todo el mundo, pero no pretende ser una instancia representativa de la sociedad civil mundial.<\/li>\n<li class=\"p1\">Las reuniones del Foro Social Mundial no tiene car\u00e1terintencional como el Foro Social Mundial. A nadie, se les permite expresar, en nombre del Foro, en cualquiera de sus ediciones, posiciones que fueran atribuidas a todos sus de sus participantes. Los participantes no deben ser llamados a tomar decisiones, por voto o aclamaci\u00f3n, como conjunto de participantes del Foro, sobre declaraciones o propuestas de acci\u00f3n que involucran a todos o la mayor\u00eda y que pretenden ser puestos en el Foro como Foro. De este modo, \u00e9l no constituye una instancia de poder a ser disputado por los participantes de sus reuniones, ni tiene la intenci\u00f3n de constituir la \u00fanica opci\u00f3n para la interrelaci\u00f3n y la acci\u00f3n de las organizaciones y movimientos que participan en ella.<\/li>\n<li class=\"p1\">Debe ser, sin embargo, asegurada a organizaciones o grupos de organizaciones que participan en las reuniones del Foro, la libertad de decidir por ellos, sobre declaraciones y acciones que decidan desarrollar, aisladamente o de forma articulada con otros participantes. El Foro Social Mundial se compromete a difundir ampliamente esas decisiones por los medios a su alcance, sin direccionamientos, jerarqu\u00edas, censuras o restricciones, pero como deliberaciones de las organizaciones o grupos de organizaciones que tomaron las decisiones.<\/li>\n<li class=\"p1\">El Foro Social Mundial es un espacio plural y diversificado, no confesional, no gubernamental y no-partido que articula en una red, organismos descentralizados y movimientos comprometidos en acciones concretas desde lo local a lo internacional para construir otro mundo.<\/li>\n<li class=\"p1\">El Foro Social Mundial siempre ser\u00e1 un espacio abierto a la pluralidad y la diversidad de compromisos y actividades de las organizaciones y movimientos que quieran participar, as\u00ed como la diversidad de g\u00e9neros, etnias, culturas, generaciones y capacidades f\u00edsicas, desde que sea respetada la Carta de Principios. No deben participar del Foro representaciones partidarias ni organizaciones militares. Podr\u00e1n ser invitadas a participar, en um car\u00e1cter personal, gobernantes y parlamentarios que asuman los compromisos de esta Carta.<\/li>\n<li class=\"p1\">El Foro Social Mundial se opone a toda vision totalitaria y reduccionista de la econom\u00eda, del desarrollo y de la historia y el uso de la violencia como medio de control social por parte del Estado. Propugna el respeto a los Derechos Humanos, la pr\u00e1ctica de la democracia real, partcipativa, por relaciones igualit\u00e1rias, solid\u00e1rias y pacificas entre los pueblos, etnias, g\u00e9neros y pueblos, condenando a todas las formas de dominaci\u00f3n y sometimiento de una persona por otra.<\/li>\n<li class=\"p1\">El Foro Social Mundial, como un espacio de debate, es un movimiento de ideas que impulsiona la reflexi\u00f3n y la difusi\u00f3n transparente de los resultados de esa reflexi\u00f3n, sobre los mecanismos e instrumentos de dominio del capital sobre los medios y acciones para resistir y superar ese dominio, sobre las alternativas propuestas para solucionar los problemas de exclusi\u00f3n desigualdad y desigualdad social que el proceso de globalizaci\u00f3n capitalista, con sus dimensiones racistas, sexistas y destructivas del medio ambiente em lo nivel internacional y dentro de los pa\u00edses.<\/li>\n<li class=\"p1\">El Foro Social Mundial, como un espacio de intercambio de experiencias, alienta el conocimiento y el reconocimiento de las organizaciones y movimientos que participan en \u00e9l, apreciando su intercambio, sobre todo lo que la sociedad construye para centrar la actividad econ\u00f3mica y la acci\u00f3n pol\u00edtica en la satisfacci\u00f3n de las necesidades del ser humano y respeto a la naturaleza, ahora y para las generaciones futuras.<\/li>\n<li class=\"p1\">El Foro Social Mundial, como espacio de articulaci\u00f3n, busca fortalecer y crear nuevos v\u00ednculos nacionales e internacionales entre organizaciones y movimientos de la sociedad, que aumenten, tanto en la esfera de la vida p\u00fablica y la vida privada, la capacidad de resistencia no violenta social a la proceso de deshumanizaci\u00f3n que vive el mundo ya la violencia utilizada por el Estado, y reforzar la acci\u00f3n humanizadora en curso por estos movimientos y organizaciones.<\/li>\n<li class=\"p1\">El Foro Social Mundial es un proceso que alienta a las organizaciones y movimientos que participan en \u00e9l a situar sus acciones, desde el nivel local hasta el nacional buscando una participaci\u00f3n activa en los foros internacionales, tales como cuestiones de ciudadan\u00eda planetaria, introduciendo en la agenda global las pr\u00e1cticas que que est\u00e1n experimentando en la construcci\u00f3n de un nuevo mundo m\u00e1s solidario.<\/li>\n<li class=\"p3\">Aprobada y adoptada en S\u00e3o Paulo, el 9 de abril de 2001, por las entidades que integran el Comit\u00e9 Organizador del Foro Social Mundial, aprobado con modificaciones por el Consejo Internacional del Foro Social Mundial el 10 de junio de 2001.<\/li>\n<\/ol>\n<p class=\"p4\">\n","protected":false},"excerpt":{"rendered":"<p>El Comit\u00e9 de entidades brasile\u00f1as que concibi\u00f3 y organiz\u00f3 el primer Foro Social Mundial celebrado en Porto Alegre, 25-30 de Enero de 2001, considera necesario y leg\u00edtimo, despu\u00e9s de evaluar &hellip;<\/p>\n","protected":false},"author":1,"featured_media":0,"parent":0,"menu_order":0,"comment_status":"closed","ping_status":"closed","template":"","meta":[],"_links":{"self":[{"href":"https:\/\/internetsocialforum.net\/isf\/index.php?rest_route=\/wp\/v2\/pages\/1182"}],"collection":[{"href":"https:\/\/internetsocialforum.net\/isf\/index.php?rest_route=\/wp\/v2\/pages"}],"about":[{"href":"https:\/\/internetsocialforum.net\/isf\/index.php?rest_route=\/wp\/v2\/types\/page"}],"author":[{"embeddable":true,"href":"https:\/\/internetsocialforum.net\/isf\/index.php?rest_route=\/wp\/v2\/users\/1"}],"replies":[{"embeddable":true,"href":"https:\/\/internetsocialforum.net\/isf\/index.php?rest_route=%2Fwp%2Fv2%2Fcomments&post=1182"}],"version-history":[{"count":4,"href":"https:\/\/internetsocialforum.net\/isf\/index.php?rest_route=\/wp\/v2\/pages\/1182\/revisions"}],"predecessor-version":[{"id":1257,"href":"https:\/\/internetsocialforum.net\/isf\/index.php?rest_route=\/wp\/v2\/pages\/1182\/revisions\/1257"}],"wp:attachment":[{"href":"https:\/\/internetsocialforum.net\/isf\/index.php?rest_route=%2Fwp%2Fv2%2Fmedia&parent=1182"}],"curies":[{"name":"wp","href":"https:\/\/api.w.org\/{rel}","templated":true}]}}