{"id":1200,"date":"2015-06-01T11:27:48","date_gmt":"2015-06-01T11:27:48","guid":{"rendered":"http:\/\/internetsocialforum.net\/isf\/?page_id=1200"},"modified":"2015-07-06T15:11:52","modified_gmt":"2015-07-06T15:11:52","slug":"a-propos-de-nous","status":"publish","type":"page","link":"https:\/\/internetsocialforum.net\/isf\/?page_id=1200&lang=es","title":{"rendered":"Sobre Nosotros"},"content":{"rendered":"<p class=\"p1\">El siguiente es un resumen de la propuesta de un foro tem\u00e1tico del FSM, que se conocer\u00e1 como el Foro Social internet, presentado en la reuni\u00f3n del Consejo Internacional (CI), celebrada en el Foro Social Mundial, el 30 de marzo de 2015, de Tunis:<\/p>\n<p class=\"p1\">Cerca de 100 organizaciones (entre ellas varias miembros del CI, pero tambi\u00e9n algunas organizaciones que no habian participado anteriormente en el proceso del FSM) han firmado el llamado a organizar un Foro Social Tem\u00e1tico sobre Internet, a principios de 2016. Los denominadores comunes de este FSI, adem\u00e1s de la aceptaci\u00f3n de la Carta de principios del FSM, son la voluntad de trabajar hacia la construcci\u00f3n de un Internet del pueblo: libre de vigilancia, de dominaci\u00f3n corporativa y del abuso de poder gubernamental.<\/p>\n<p class=\"p1\">La intenci\u00f3n es involucrar al mayor n\u00famero posible de organizaciones y movimientos sociales que comparten estos principios b\u00e1sicos, ya que todos usamos Internet para nuestro trabajo, nuestra organizaci\u00f3n, y nuestras comunicaciones personales. En T\u00fanez ya hemos construido convergencia con la campa\u00f1a de resistencia a las empresas transnacionales y el Foro de Medios Libres, entre otros.<\/p>\n<p class=\"p1\">Se ha acordado la creaci\u00f3n de un espacio abierto democratico para la organizaci\u00f3n del foro; un comit\u00e9 organizador interino presentara una propuesta en los pr\u00f3ximos 2 meses para definir el lugar, la fecha, los mecanismos de coordinaci\u00f3n, etc. &#8220;<\/p>\n","protected":false},"excerpt":{"rendered":"<p>El siguiente es un resumen de la propuesta de un foro tem\u00e1tico del FSM, que se conocer\u00e1 como el Foro Social internet, presentado en la reuni\u00f3n del Consejo Internacional (CI), &hellip;<\/p>\n","protected":false},"author":1,"featured_media":0,"parent":0,"menu_order":0,"comment_status":"open","ping_status":"open","template":"","meta":[],"_links":{"self":[{"href":"https:\/\/internetsocialforum.net\/isf\/index.php?rest_route=\/wp\/v2\/pages\/1200"}],"collection":[{"href":"https:\/\/internetsocialforum.net\/isf\/index.php?rest_route=\/wp\/v2\/pages"}],"about":[{"href":"https:\/\/internetsocialforum.net\/isf\/index.php?rest_route=\/wp\/v2\/types\/page"}],"author":[{"embeddable":true,"href":"https:\/\/internetsocialforum.net\/isf\/index.php?rest_route=\/wp\/v2\/users\/1"}],"replies":[{"embeddable":true,"href":"https:\/\/internetsocialforum.net\/isf\/index.php?rest_route=%2Fwp%2Fv2%2Fcomments&post=1200"}],"version-history":[{"count":3,"href":"https:\/\/internetsocialforum.net\/isf\/index.php?rest_route=\/wp\/v2\/pages\/1200\/revisions"}],"predecessor-version":[{"id":1349,"href":"https:\/\/internetsocialforum.net\/isf\/index.php?rest_route=\/wp\/v2\/pages\/1200\/revisions\/1349"}],"wp:attachment":[{"href":"https:\/\/internetsocialforum.net\/isf\/index.php?rest_route=%2Fwp%2Fv2%2Fmedia&parent=1200"}],"curies":[{"name":"wp","href":"https:\/\/api.w.org\/{rel}","templated":true}]}}