{"id":1187,"date":"2015-06-01T07:41:44","date_gmt":"2015-06-01T07:41:44","guid":{"rendered":"http:\/\/internetsocialforum.net\/isf\/?page_id=1187"},"modified":"2015-07-03T05:58:43","modified_gmt":"2015-07-03T05:58:43","slug":"appel-pour-un-forum-social-internet","status":"publish","type":"page","link":"https:\/\/internetsocialforum.net\/isf\/?page_id=1187&lang=fr","title":{"rendered":"Appel pour un FSI"},"content":{"rendered":"<p class=\"p1\">Appel pour un Forum Social internet<\/p>\n<p class=\"p1\">L&#8217;internet appartient \u00e0 tous &#8211; <i>Occupons-le<\/i><\/p>\n<p class=\"p2\">De plus en plus, l&#8217;internet est l&#8217;endroit o\u00f9 nous nous r\u00e9unissons avec nos amis, nous obtenons des informations, organisons notre travail, stockons nos images et textes, utilisons notre banque, regardons des vid\u00e9os, achetons des billets et nous servons des services publics. Comme nous utilisons beaucoup internet, nous commen\u00e7ons aussi \u00e0 \u00eatre &#8220;connu&#8221; intimement. Bient\u00f4t, le r\u00e9seau d\u00e9tiendra beaucoup d&#8217;informations transactionnelles sur les nombreux \u00abobjets\u00bb de nos vies connect\u00e9es \u2013 les donn\u00e9es de tous nos appareils domestiques, de nos infrastructures ainsi que des services publics et priv\u00e9s. Toute cette connaissance est un pouvoir, un pouvoir qui peut \u00eatre utilis\u00e9 \u00e0 bon ou mauvais escient. Non seulement l&#8217;internet d\u00e9tient de plus en plus d&#8217;informations sur nous, mais avec l&#8217;acc\u00e9l\u00e9ration de l&#8217;automatisation du r\u00e9seau et de l&#8217;acc\u00e8s \u00e0 distance, il a la puissance pour atteindre n&#8217;importe qui, n&#8217;importe o\u00f9 pour contr\u00f4ler l&#8217;ensemble des espaces physiques et des activit\u00e9s humaines.<\/p>\n<p class=\"p2\">L&#8217;internet est donc au c\u0153ur de notre vie quotidienne et des syst\u00e8mes sociaux. Mais \u00e0 l&#8217;avenir \u00e0 quoi voulons-nous que l&#8217;internet ressemble? Devrait-il \u00eatre un r\u00e9seau d\u00e9centralis\u00e9 pour des connexions sociales sans interm\u00e9diaire, pour la cr\u00e9ation, l&#8217;\u00e9change et le partage de l&#8217;information, publique ou priv\u00e9e comme nous le voulons? Allons-nous avoir des applications orient\u00e9es vers l&#8217;am\u00e9lioration des conditions de vie, de l&#8217;\u00e9ducation et le d\u00e9veloppement culturel pour tous ; des services qui garantissent la confidentialit\u00e9 de nos donn\u00e9es ; une technologie \u00e0 laquelle nos collectivit\u00e9s pourront faire confiance, poss\u00e9der et contr\u00f4ler collectivement ? Ou sera-ce un r\u00e9seau de surveillance centralis\u00e9 et contr\u00f4l\u00e9 par une poign\u00e9e de gouvernements et des monopoles industriels avec une vision de plus en plus restreinte de nos espaces d&#8217;interaction ; marchandiser nos informations; en extraire des revenus exorbitants en vendant nos donn\u00e9es priv\u00e9es ainsi que toutes les politiques relatives \u00e0 nos activit\u00e9s en ligne (et de plus en plus hors ligne)? <b>Quel internet voulons-nous?<\/b><\/p>\n<p class=\"p2\">Depuis les d\u00e9buts de l&#8217;internet, les deux tendances existent ; mais l&#8217;internet est rapide et \u00e9volue plut\u00f4t vers le second sc\u00e9nario, avec des grandes soci\u00e9t\u00e9s transnationales qui concentrent leur contr\u00f4le sur les services du net et de la s\u00e9curit\u00e9 comme la National Security Agency des \u00c9tats- Unis et ses proches alli\u00e9s qui s&#8217;engagent dans une surveillance omnipr\u00e9sente. Parall\u00e8lement, ce contr\u00f4le centralis\u00e9 des communications et donn\u00e9es internationales est hors de contr\u00f4le \u00e0 des m\u00e9canismes d&#8217;\u00e9quilibre et de contr\u00f4le d\u00e9mocratiques et conduisent \u00e0 une accumulation dans quelques mains de la richesse mondiale. Cela non seulement mena\u00e7e d&#8217;exacerber les d\u00e9s\u00e9quilibres existants de richesse et de pouvoir, mais pourrait aussi saper les bases m\u00eames d&#8217;une soci\u00e9t\u00e9 d\u00e9mocratique.<\/p>\n<p class=\"p2\">Alors, que peut-on faire pour inverser cette tendance avant qu&#8217;elle ne devienne irr\u00e9vocablement ancr\u00e9e dans l&#8217;ADN de l&#8217;internet, et &#8216;normalis\u00e9e&#8217;? En particulier, comment les organisations peuvent-elles oeuvrer pour la justice sociale, la d\u00e9mocratie, la libert\u00e9 de communication, les logiciels Libres et open-source, la neutralit\u00e9 du net, ou l&#8217;ensemble des droits de l&#8217;homme ? Egalement, comment travailler pour l&#8217;autonomie des citoyens par rapport aux gouvernements ou aux multinationales et comment contribuer \u00e0 la construction de l&#8217;internet pour le peuple?<\/p>\n<p class=\"p2\">Cet appel pour un <b>Forum Social Internet <\/b>vise \u00e0 cr\u00e9er un espace global pour aborder pr\u00e9cis\u00e9ment ces questions. Nous allons y discuter de l&#8217;internet, nous voulons \u00e9changer des informations sur nos efforts et les luttes pour la d\u00e9mocratie, les droits humains et la justice sociale par rapport \u00e0 l&#8217;internet, et \u00e9laborer des programmes d&#8217;action collective.<\/p>\n<p class=\"p2\"><b><i>Pourquoi un Forum Social? <\/i><\/b>Avec son appel visionnaire le Forum Social internet (FSI) s&#8217;inspire du processus du Forum Social Mondial (FSM): \u00abUn autre monde est possible\u00bb. Nous sugg\u00e9rons qu&#8217;\u00abautre internet (des peuples) est possible&#8221;. Rappelant la Charte du FSM, qui appelle \u00e0 un autre type de mondialisation que &#8220;sous les ordres des grandes entreprises<\/p>\n<p class=\"p2\">multinationales et des gouvernements et institutions internationales au seul service des int\u00e9r\u00eats de ces soci\u00e9t\u00e9s&#8221;, nous appelons \u00e0 un internet pour la base contr\u00f4l\u00e9 par les individus &#8211; y compris ceux non encore connect\u00e9s.<\/p>\n<p class=\"p2\">La Charte du FSM pr\u00e9sente la vision d\u2019une \u00abmondialisation dans la solidarit\u00e9 pr\u00e9vaudra comme une nouvelle \u00e9tape dans l&#8217;histoire&#8221;, marqu\u00e9e par le respect des droits de l&#8217;homme universels et de l&#8217;environnement, et reposant sur les syst\u00e8mes et institutions d\u00e9mocratiques internationaux au service de la justice sociale, de l&#8217;\u00e9galit\u00e9 et de la souverainet\u00e9 des peuples. Nous concevons l&#8217;ISF comme un parall\u00e8le direct avec ces buts, mais appliqu\u00e9 \u00e0 la sph\u00e8re de l&#8217;internet et de sa gouvernance.<\/p>\n<p class=\"p2\">Depuis sa premi\u00e8re \u00e9dition \u00e0 Porto Alegre, en 2001, le FSM a \u00e9t\u00e9 con\u00e7u comme l&#8217;opposition du peuple face aux \u00e9lites du Forum Economique Mondial de Davos (WEF) que nous devons maintenant appeler le &#8220;1%&#8221;. Ils b\u00e9n\u00e9ficient d\u00e9j\u00e0 des mesures d&#8217;aust\u00e9rit\u00e9 et de la mondialisation du capital, de la domination id\u00e9ologique et institutionnelle du n\u00e9o-lib\u00e9ralisme; et maintenant de ces prolongations via l\u2019internet avec le \u00abNetMundial Initiative&#8221; (NMI). Cette initiative r\u00e9cemment lanc\u00e9e par le Forum Economique Mondial (WEF) est une tentative de l&#8217;\u00e9lite de fournir des \u00absolutions\u00bb \u00e9go\u00efstes \u00e0 l&#8217;\u00e9gard des enjeux mondiaux de politique publique li\u00e9es \u00e0 l&#8217;internet. C&#8217;est tout simplement une \u00e9tape importante dans les efforts continus du WEF pour \u00e9tendre son h\u00e9g\u00e9monie \u00e9conomique et politique par les multinationales et les d\u00e9tenteurs du 1%. Le processus du FSM appara\u00eet comme un espace \u00e9vident et opportun pour lancer un mouvement pour un internet du peuple plut\u00f4t qu&#8217;un internet pour l&#8217;int\u00e9r\u00eat des \u00e9lites \u00e9conomiques et politiques mondiales.<\/p>\n<p class=\"p2\">Au-del\u00e0 des questions techniques des normes et de la gestion des noms de domaine, la gouvernance de l&#8217;internet consiste de plus en plus \u00e0 trouver des moyens appropri\u00e9s pour r\u00e9pondre au cadre plus large de la justice sociale et \u00e9conomique et aux questions de droits de l&#8217;homme qui sont de plus en plus impact\u00e9s par l&#8217;internet. La gouvernance de l&#8217;internet devrait \u00eatre sous-tendu par les m\u00eames principes et m\u00e9canismes que ceux que nous rencontrons dans les autres aspects de nos vies d\u00e9mocratiques.<\/p>\n<p class=\"p2\">Le Forum Social Internet sera ouvert \u00e0 la participation de tous ceux qui croient en la philosophie et les valeurs du FSM pour que l&#8217;internet mondial \u00e9volue pour l&#8217;int\u00e9r\u00eat public. Il sera soutenu par les valeurs de la d\u00e9mocratie, les droits humains et la justice sociale. Il soutiendra une politique de d\u00e9cision participative et promouvra le contr\u00f4le des technologies sociales par le peuple, comme par exemple, la repr\u00e9sentation dans le mouvement des m\u00e9dias communautaires. Il recherchera un internet qui est vraiment d\u00e9centralis\u00e9e dans son architecture et bas\u00e9e sur les droits pleins et entier des personnes, ainsi que le contr\u00f4le des donn\u00e9es, des informations, des connaissances et les autres &#8220;biens communs&#8221; que l&#8217;internet a permis \u00e0 la communaut\u00e9 internationale de g\u00e9n\u00e9rer et de partager.<\/p>\n<p class=\"p2\">Le Forum propose \u00e9galement de lancer un processus bottom-up pour le d\u00e9veloppement d&#8217;un Manifeste internet du Peuple, impliquant tous les groupes sociaux concern\u00e9s, les communaut\u00e9s et les diff\u00e9rents mouvements, dans tous les continents; des techniciens et acteurs des TIC pour le d\u00e9veloppement aux groupes de m\u00e9dias r\u00e9formistes, les mouvements d\u00e9mocratiques, les organisations luttant pour le droit des femmes et les activistes oeuvrant pour la justice sociale.<\/p>\n<p class=\"p2\"><b><i>Prochaines \u00e9tapes: <\/i><\/b>Un atelier de pr\u00e9paration du planning se tiendra au FSM 2015, \u00e0 Tunis, en Mars, intitul\u00e9 \u00abOrganiser un Forum Social Internet &#8211; Un appel \u00e0 occuper l&#8217;internet\u00bb. Le Forum Social Internet est pr\u00e9vue pour la fin 2015, ou au d\u00e9but de 2016. Des dispositions seront prises pour la participation \u00e0 distance.<\/p>\n<p class=\"p2\"><b><i>Comment participer \u00e0 l&#8217;initiative de l&#8217;ISF<\/i><\/b>: Comme toute initiative populaire, toute personne motiv\u00e9e pour soutenir l&#8217;int\u00e9r\u00eat public est bienvenu. Cependant, dans le souci de maintenir une harmonie entre certaines valeurs fondamentales, nous suivons les crit\u00e8res de participation suivie par le Forum social mondial que vous trouverez \u00e0 https:\/\/fsm2015.org\/en\/criteria-<\/p>\n<p class=\"p4\">participation. Tout individu \u00e9tant en accord avec ces crit\u00e8res peut nous rejoindre en envoyant un courriel aux adresses suivantes.<\/p>\n<p class=\"p4\">Secr\u00e9tariat de l&#8217;ISF: secretariat@InternetSocialForum.net<\/p>\n<p class=\"p4\">\n","protected":false},"excerpt":{"rendered":"<p>Appel pour un Forum Social internet L&#8217;internet appartient \u00e0 tous &#8211; Occupons-le De plus en plus, l&#8217;internet est l&#8217;endroit o\u00f9 nous nous r\u00e9unissons avec nos amis, nous obtenons des informations, &hellip;<\/p>\n","protected":false},"author":1,"featured_media":0,"parent":0,"menu_order":0,"comment_status":"open","ping_status":"open","template":"","meta":[],"_links":{"self":[{"href":"https:\/\/internetsocialforum.net\/isf\/index.php?rest_route=\/wp\/v2\/pages\/1187"}],"collection":[{"href":"https:\/\/internetsocialforum.net\/isf\/index.php?rest_route=\/wp\/v2\/pages"}],"about":[{"href":"https:\/\/internetsocialforum.net\/isf\/index.php?rest_route=\/wp\/v2\/types\/page"}],"author":[{"embeddable":true,"href":"https:\/\/internetsocialforum.net\/isf\/index.php?rest_route=\/wp\/v2\/users\/1"}],"replies":[{"embeddable":true,"href":"https:\/\/internetsocialforum.net\/isf\/index.php?rest_route=%2Fwp%2Fv2%2Fcomments&post=1187"}],"version-history":[{"count":3,"href":"https:\/\/internetsocialforum.net\/isf\/index.php?rest_route=\/wp\/v2\/pages\/1187\/revisions"}],"predecessor-version":[{"id":1318,"href":"https:\/\/internetsocialforum.net\/isf\/index.php?rest_route=\/wp\/v2\/pages\/1187\/revisions\/1318"}],"wp:attachment":[{"href":"https:\/\/internetsocialforum.net\/isf\/index.php?rest_route=%2Fwp%2Fv2%2Fmedia&parent=1187"}],"curies":[{"name":"wp","href":"https:\/\/api.w.org\/{rel}","templated":true}]}}